{"id":11623,"date":"2025-08-10T13:01:21","date_gmt":"2025-08-10T16:01:21","guid":{"rendered":"https:\/\/andreporporatti.com.br\/lp\/?page_id=11623"},"modified":"2025-12-01T13:06:29","modified_gmt":"2025-12-01T16:06:29","slug":"bio","status":"publish","type":"page","link":"https:\/\/andreporporatti.com.br\/lp\/bio\/","title":{"rendered":"Andr\u00e9 Porporatti Academy (BIO)"},"content":{"rendered":"\t\t<div data-elementor-type=\"wp-page\" data-elementor-id=\"11623\" class=\"elementor elementor-11623\" data-elementor-post-type=\"page\">\n\t\t\t\t<div class=\"elementor-element elementor-element-5901ce2 e-flex e-con-boxed e-con e-parent\" data-id=\"5901ce2\" data-element_type=\"container\" data-e-type=\"container\" data-settings=\"{&quot;background_background&quot;:&quot;video&quot;,&quot;background_video_link&quot;:&quot;https:\\\/\\\/andreporporatti.com.br\\\/lp\\\/wp-content\\\/uploads\\\/2025\\\/08\\\/SITE-ELEMENTOR-CELULAR-1.mp4&quot;,&quot;background_video_start&quot;:0,&quot;background_video_end&quot;:160,&quot;background_play_on_mobile&quot;:&quot;yes&quot;}\">\n\t\t\t\t\t<div class=\"e-con-inner\">\n\t\t<div class=\"elementor-background-video-container\">\n\t\t\t\t\t\t\t<video class=\"elementor-background-video-hosted\" role=\"presentation\" autoplay muted playsinline loop><\/video>\n\t\t\t\t\t<\/div>\t\t<div class=\"elementor-element elementor-element-a453a24 elementor-widget elementor-widget-heading\" data-id=\"a453a24\" data-element_type=\"widget\" data-e-type=\"widget\" data-widget_type=\"heading.default\">\n\t\t\t\t<div class=\"elementor-widget-container\">\n\t\t\t\t\t<h2 class=\"elementor-heading-title elementor-size-default\">Trate com Seguran\u00e7a, Evid\u00eancia e Empatia<\/h2>\t\t\t\t<\/div>\n\t\t\t\t<\/div>\n\t\t\t\t<div class=\"elementor-element elementor-element-1e2d5c2 elementor-widget elementor-widget-heading\" data-id=\"1e2d5c2\" data-element_type=\"widget\" data-e-type=\"widget\" data-widget_type=\"heading.default\">\n\t\t\t\t<div class=\"elementor-widget-container\">\n\t\t\t\t\t<h2 class=\"elementor-heading-title elementor-size-default\">BRUXISMO DTM DOR<\/h2>\t\t\t\t<\/div>\n\t\t\t\t<\/div>\n\t\t\t\t<div class=\"elementor-element elementor-element-360a81d elementor-widget elementor-widget-heading\" data-id=\"360a81d\" data-element_type=\"widget\" data-e-type=\"widget\" data-widget_type=\"heading.default\">\n\t\t\t\t<div class=\"elementor-widget-container\">\n\t\t\t\t\t<h2 class=\"elementor-heading-title elementor-size-default\">Andr\u00e9 Porporatti<\/h2>\t\t\t\t<\/div>\n\t\t\t\t<\/div>\n\t\t\t\t<div class=\"elementor-element elementor-element-315c6a1 elementor-icon-list--layout-inline elementor-list-item-link-full_width elementor-widget elementor-widget-icon-list\" data-id=\"315c6a1\" data-element_type=\"widget\" data-e-type=\"widget\" data-widget_type=\"icon-list.default\">\n\t\t\t\t<div class=\"elementor-widget-container\">\n\t\t\t\t\t\t\t<ul class=\"elementor-icon-list-items elementor-inline-items\">\n\t\t\t\t\t\t\t<li class=\"elementor-icon-list-item elementor-inline-item\">\n\t\t\t\t\t\t\t\t\t\t\t<span class=\"elementor-icon-list-icon\">\n\t\t\t\t\t\t\t<svg aria-hidden=\"true\" class=\"e-font-icon-svg e-fas-bars\" viewBox=\"0 0 448 512\" xmlns=\"http:\/\/www.w3.org\/2000\/svg\"><path d=\"M16 132h416c8.837 0 16-7.163 16-16V76c0-8.837-7.163-16-16-16H16C7.163 60 0 67.163 0 76v40c0 8.837 7.163 16 16 16zm0 160h416c8.837 0 16-7.163 16-16v-40c0-8.837-7.163-16-16-16H16c-8.837 0-16 7.163-16 16v40c0 8.837 7.163 16 16 16zm0 160h416c8.837 0 16-7.163 16-16v-40c0-8.837-7.163-16-16-16H16c-8.837 0-16 7.163-16 16v40c0 8.837 7.163 16 16 16z\"><\/path><\/svg>\t\t\t\t\t\t<\/span>\n\t\t\t\t\t\t\t\t\t\t<span class=\"elementor-icon-list-text\">+4.000 alunos<\/span>\n\t\t\t\t\t\t\t\t\t<\/li>\n\t\t\t\t\t\t\t\t<li class=\"elementor-icon-list-item elementor-inline-item\">\n\t\t\t\t\t\t\t\t\t\t\t<span class=\"elementor-icon-list-icon\">\n\t\t\t\t\t\t\t<svg aria-hidden=\"true\" class=\"e-font-icon-svg e-fas-bars\" viewBox=\"0 0 448 512\" xmlns=\"http:\/\/www.w3.org\/2000\/svg\"><path d=\"M16 132h416c8.837 0 16-7.163 16-16V76c0-8.837-7.163-16-16-16H16C7.163 60 0 67.163 0 76v40c0 8.837 7.163 16 16 16zm0 160h416c8.837 0 16-7.163 16-16v-40c0-8.837-7.163-16-16-16H16c-8.837 0-16 7.163-16 16v40c0 8.837 7.163 16 16 16zm0 160h416c8.837 0 16-7.163 16-16v-40c0-8.837-7.163-16-16-16H16c-8.837 0-16 7.163-16 16v40c0 8.837 7.163 16 16 16z\"><\/path><\/svg>\t\t\t\t\t\t<\/span>\n\t\t\t\t\t\t\t\t\t\t<span class=\"elementor-icon-list-text\">em 24 pa\u00edses<\/span>\n\t\t\t\t\t\t\t\t\t<\/li>\n\t\t\t\t\t\t<\/ul>\n\t\t\t\t\t\t<\/div>\n\t\t\t\t<\/div>\n\t\t<div class=\"elementor-element elementor-element-c40e11c e-grid e-con-full e-con e-child\" data-id=\"c40e11c\" data-element_type=\"container\" data-e-type=\"container\">\n\t\t\t\t<div class=\"elementor-element elementor-element-f80323e elementor-widget elementor-widget-image\" data-id=\"f80323e\" data-element_type=\"widget\" data-e-type=\"widget\" data-widget_type=\"image.default\">\n\t\t\t\t<div class=\"elementor-widget-container\">\n\t\t\t\t\t\t\t\t\t\t\t\t\t\t\t\t<a href=\"https:\/\/www.youtube.com\/watch?v=OfZRQx0vc1g\" target=\"_blank\">\n\t\t\t\t\t\t\t<img fetchpriority=\"high\" decoding=\"async\" width=\"1440\" height=\"2080\" src=\"https:\/\/andreporporatti.com.br\/lp\/wp-content\/uploads\/2025\/08\/BLACK-WEEK.png\" class=\"attachment-full size-full wp-image-11659\" alt=\"\" srcset=\"https:\/\/andreporporatti.com.br\/lp\/wp-content\/uploads\/2025\/08\/BLACK-WEEK.png 1440w, https:\/\/andreporporatti.com.br\/lp\/wp-content\/uploads\/2025\/08\/BLACK-WEEK-208x300.png 208w, https:\/\/andreporporatti.com.br\/lp\/wp-content\/uploads\/2025\/08\/BLACK-WEEK-709x1024.png 709w, https:\/\/andreporporatti.com.br\/lp\/wp-content\/uploads\/2025\/08\/BLACK-WEEK-768x1109.png 768w, https:\/\/andreporporatti.com.br\/lp\/wp-content\/uploads\/2025\/08\/BLACK-WEEK-1063x1536.png 1063w, https:\/\/andreporporatti.com.br\/lp\/wp-content\/uploads\/2025\/08\/BLACK-WEEK-1418x2048.png 1418w\" sizes=\"(max-width: 1440px) 100vw, 1440px\" \/>\t\t\t\t\t\t\t\t<\/a>\n\t\t\t\t\t\t\t\t\t\t\t\t\t\t\t<\/div>\n\t\t\t\t<\/div>\n\t\t\t\t<div class=\"elementor-element elementor-element-31f1ff7 elementor-widget elementor-widget-image\" data-id=\"31f1ff7\" data-element_type=\"widget\" data-e-type=\"widget\" data-widget_type=\"image.default\">\n\t\t\t\t<div class=\"elementor-widget-container\">\n\t\t\t\t\t\t\t\t\t\t\t\t\t\t\t\t<a href=\"https:\/\/prof.andreporporatti.com\/SmartDorDesconto\" target=\"_blank\">\n\t\t\t\t\t\t\t<img decoding=\"async\" width=\"1772\" height=\"2560\" src=\"https:\/\/andreporporatti.com.br\/lp\/wp-content\/uploads\/2025\/08\/BLACK-WEEK-1-scaled.png\" class=\"attachment-full size-full wp-image-11676\" alt=\"\" srcset=\"https:\/\/andreporporatti.com.br\/lp\/wp-content\/uploads\/2025\/08\/BLACK-WEEK-1-scaled.png 1772w, https:\/\/andreporporatti.com.br\/lp\/wp-content\/uploads\/2025\/08\/BLACK-WEEK-1-208x300.png 208w, https:\/\/andreporporatti.com.br\/lp\/wp-content\/uploads\/2025\/08\/BLACK-WEEK-1-709x1024.png 709w, https:\/\/andreporporatti.com.br\/lp\/wp-content\/uploads\/2025\/08\/BLACK-WEEK-1-768x1109.png 768w, https:\/\/andreporporatti.com.br\/lp\/wp-content\/uploads\/2025\/08\/BLACK-WEEK-1-1063x1536.png 1063w, https:\/\/andreporporatti.com.br\/lp\/wp-content\/uploads\/2025\/08\/BLACK-WEEK-1-1418x2048.png 1418w\" sizes=\"(max-width: 1772px) 100vw, 1772px\" \/>\t\t\t\t\t\t\t\t<\/a>\n\t\t\t\t\t\t\t\t\t\t\t\t\t\t\t<\/div>\n\t\t\t\t<\/div>\n\t\t\t\t<div class=\"elementor-element elementor-element-c89b39a elementor-widget elementor-widget-image\" data-id=\"c89b39a\" data-element_type=\"widget\" data-e-type=\"widget\" data-widget_type=\"image.default\">\n\t\t\t\t<div class=\"elementor-widget-container\">\n\t\t\t\t\t\t\t\t\t\t\t\t\t\t\t\t<a href=\"https:\/\/prof.andreporporatti.com\/SmartBruxDesconto\" target=\"_blank\">\n\t\t\t\t\t\t\t<img decoding=\"async\" width=\"1772\" height=\"2560\" src=\"https:\/\/andreporporatti.com.br\/lp\/wp-content\/uploads\/2025\/08\/BLACK-WEEK-2-scaled.png\" class=\"attachment-full size-full wp-image-11678\" alt=\"\" srcset=\"https:\/\/andreporporatti.com.br\/lp\/wp-content\/uploads\/2025\/08\/BLACK-WEEK-2-scaled.png 1772w, https:\/\/andreporporatti.com.br\/lp\/wp-content\/uploads\/2025\/08\/BLACK-WEEK-2-208x300.png 208w, https:\/\/andreporporatti.com.br\/lp\/wp-content\/uploads\/2025\/08\/BLACK-WEEK-2-709x1024.png 709w, https:\/\/andreporporatti.com.br\/lp\/wp-content\/uploads\/2025\/08\/BLACK-WEEK-2-768x1109.png 768w, https:\/\/andreporporatti.com.br\/lp\/wp-content\/uploads\/2025\/08\/BLACK-WEEK-2-1063x1536.png 1063w, https:\/\/andreporporatti.com.br\/lp\/wp-content\/uploads\/2025\/08\/BLACK-WEEK-2-1418x2048.png 1418w\" sizes=\"(max-width: 1772px) 100vw, 1772px\" \/>\t\t\t\t\t\t\t\t<\/a>\n\t\t\t\t\t\t\t\t\t\t\t\t\t\t\t<\/div>\n\t\t\t\t<\/div>\n\t\t\t\t<\/div>\n\t\t<div class=\"elementor-element elementor-element-25d53b8 e-grid e-con-full e-con e-child\" data-id=\"25d53b8\" data-element_type=\"container\" data-e-type=\"container\">\n\t\t\t\t<div class=\"elementor-element elementor-element-a9577ff elementor-widget elementor-widget-image\" data-id=\"a9577ff\" data-element_type=\"widget\" data-e-type=\"widget\" data-widget_type=\"image.default\">\n\t\t\t\t<div class=\"elementor-widget-container\">\n\t\t\t\t\t\t\t\t\t\t\t\t\t\t\t\t<a href=\"https:\/\/andreporporatti.com.br\/lp\/smartplacas\/\" target=\"_blank\">\n\t\t\t\t\t\t\t<img loading=\"lazy\" decoding=\"async\" width=\"1772\" height=\"2560\" src=\"https:\/\/andreporporatti.com.br\/lp\/wp-content\/uploads\/2025\/08\/6-scaled.png\" class=\"attachment-full size-full wp-image-11688\" alt=\"\" srcset=\"https:\/\/andreporporatti.com.br\/lp\/wp-content\/uploads\/2025\/08\/6-scaled.png 1772w, https:\/\/andreporporatti.com.br\/lp\/wp-content\/uploads\/2025\/08\/6-208x300.png 208w, https:\/\/andreporporatti.com.br\/lp\/wp-content\/uploads\/2025\/08\/6-709x1024.png 709w, https:\/\/andreporporatti.com.br\/lp\/wp-content\/uploads\/2025\/08\/6-768x1109.png 768w, https:\/\/andreporporatti.com.br\/lp\/wp-content\/uploads\/2025\/08\/6-1063x1536.png 1063w, https:\/\/andreporporatti.com.br\/lp\/wp-content\/uploads\/2025\/08\/6-1418x2048.png 1418w\" sizes=\"(max-width: 1772px) 100vw, 1772px\" \/>\t\t\t\t\t\t\t\t<\/a>\n\t\t\t\t\t\t\t\t\t\t\t\t\t\t\t<\/div>\n\t\t\t\t<\/div>\n\t\t\t\t<div class=\"elementor-element elementor-element-ebc962c elementor-widget elementor-widget-image\" data-id=\"ebc962c\" data-element_type=\"widget\" data-e-type=\"widget\" data-widget_type=\"image.default\">\n\t\t\t\t<div class=\"elementor-widget-container\">\n\t\t\t\t\t\t\t\t\t\t\t\t\t\t\t\t<a href=\"https:\/\/andreporporatti.com.br\/lp\/mapamental\/\" target=\"_blank\">\n\t\t\t\t\t\t\t<img loading=\"lazy\" decoding=\"async\" width=\"1772\" height=\"2560\" src=\"https:\/\/andreporporatti.com.br\/lp\/wp-content\/uploads\/2025\/08\/7-scaled.png\" class=\"attachment-full size-full wp-image-11689\" alt=\"\" srcset=\"https:\/\/andreporporatti.com.br\/lp\/wp-content\/uploads\/2025\/08\/7-scaled.png 1772w, https:\/\/andreporporatti.com.br\/lp\/wp-content\/uploads\/2025\/08\/7-208x300.png 208w, https:\/\/andreporporatti.com.br\/lp\/wp-content\/uploads\/2025\/08\/7-709x1024.png 709w, https:\/\/andreporporatti.com.br\/lp\/wp-content\/uploads\/2025\/08\/7-768x1109.png 768w, https:\/\/andreporporatti.com.br\/lp\/wp-content\/uploads\/2025\/08\/7-1063x1536.png 1063w, https:\/\/andreporporatti.com.br\/lp\/wp-content\/uploads\/2025\/08\/7-1418x2048.png 1418w\" sizes=\"(max-width: 1772px) 100vw, 1772px\" \/>\t\t\t\t\t\t\t\t<\/a>\n\t\t\t\t\t\t\t\t\t\t\t\t\t\t\t<\/div>\n\t\t\t\t<\/div>\n\t\t\t\t<div class=\"elementor-element elementor-element-32f442e elementor-widget elementor-widget-image\" data-id=\"32f442e\" data-element_type=\"widget\" data-e-type=\"widget\" data-widget_type=\"image.default\">\n\t\t\t\t<div class=\"elementor-widget-container\">\n\t\t\t\t\t\t\t\t\t\t\t\t\t\t\t\t<a href=\"https:\/\/prof.andreporporatti.com\/ATMflixInsc\" target=\"_blank\">\n\t\t\t\t\t\t\t<img loading=\"lazy\" decoding=\"async\" width=\"1772\" height=\"2560\" src=\"https:\/\/andreporporatti.com.br\/lp\/wp-content\/uploads\/2025\/08\/8-scaled.png\" class=\"attachment-full size-full wp-image-11691\" alt=\"\" srcset=\"https:\/\/andreporporatti.com.br\/lp\/wp-content\/uploads\/2025\/08\/8-scaled.png 1772w, https:\/\/andreporporatti.com.br\/lp\/wp-content\/uploads\/2025\/08\/8-208x300.png 208w, https:\/\/andreporporatti.com.br\/lp\/wp-content\/uploads\/2025\/08\/8-709x1024.png 709w, https:\/\/andreporporatti.com.br\/lp\/wp-content\/uploads\/2025\/08\/8-768x1109.png 768w\" sizes=\"(max-width: 1772px) 100vw, 1772px\" \/>\t\t\t\t\t\t\t\t<\/a>\n\t\t\t\t\t\t\t\t\t\t\t\t\t\t\t<\/div>\n\t\t\t\t<\/div>\n\t\t\t\t<\/div>\n\t\t<div class=\"elementor-element elementor-element-67254af e-grid e-con-full e-con e-child\" data-id=\"67254af\" data-element_type=\"container\" data-e-type=\"container\">\n\t\t\t\t<div class=\"elementor-element elementor-element-9110d7c elementor-widget elementor-widget-image\" data-id=\"9110d7c\" data-element_type=\"widget\" data-e-type=\"widget\" data-widget_type=\"image.default\">\n\t\t\t\t<div class=\"elementor-widget-container\">\n\t\t\t\t\t\t\t\t\t\t\t\t\t\t\t\t<a href=\"https:\/\/andreporporatti.com.br\/lp\/smartebook-placas\/\" target=\"_blank\">\n\t\t\t\t\t\t\t<img loading=\"lazy\" decoding=\"async\" width=\"1772\" height=\"2560\" src=\"https:\/\/andreporporatti.com.br\/lp\/wp-content\/uploads\/2025\/08\/BLACK-WEEK-3-scaled.png\" class=\"attachment-full size-full wp-image-11712\" alt=\"\" srcset=\"https:\/\/andreporporatti.com.br\/lp\/wp-content\/uploads\/2025\/08\/BLACK-WEEK-3-scaled.png 1772w, https:\/\/andreporporatti.com.br\/lp\/wp-content\/uploads\/2025\/08\/BLACK-WEEK-3-208x300.png 208w, https:\/\/andreporporatti.com.br\/lp\/wp-content\/uploads\/2025\/08\/BLACK-WEEK-3-709x1024.png 709w, https:\/\/andreporporatti.com.br\/lp\/wp-content\/uploads\/2025\/08\/BLACK-WEEK-3-768x1109.png 768w, https:\/\/andreporporatti.com.br\/lp\/wp-content\/uploads\/2025\/08\/BLACK-WEEK-3-1063x1536.png 1063w, https:\/\/andreporporatti.com.br\/lp\/wp-content\/uploads\/2025\/08\/BLACK-WEEK-3-1418x2048.png 1418w\" sizes=\"(max-width: 1772px) 100vw, 1772px\" \/>\t\t\t\t\t\t\t\t<\/a>\n\t\t\t\t\t\t\t\t\t\t\t\t\t\t\t<\/div>\n\t\t\t\t<\/div>\n\t\t\t\t<div class=\"elementor-element elementor-element-7ddd3f1 elementor-widget elementor-widget-image\" data-id=\"7ddd3f1\" data-element_type=\"widget\" data-e-type=\"widget\" data-widget_type=\"image.default\">\n\t\t\t\t<div class=\"elementor-widget-container\">\n\t\t\t\t\t\t\t\t\t\t\t\t\t\t\t\t<a href=\"https:\/\/pay.hotmart.com\/L99572638E?checkoutMode=10&#038;bid=1754845598456\" target=\"_blank\">\n\t\t\t\t\t\t\t<img loading=\"lazy\" decoding=\"async\" width=\"1772\" height=\"2560\" src=\"https:\/\/andreporporatti.com.br\/lp\/wp-content\/uploads\/2025\/08\/BLACK-WEEK-1-1-scaled.png\" class=\"attachment-full size-full wp-image-11713\" alt=\"\" srcset=\"https:\/\/andreporporatti.com.br\/lp\/wp-content\/uploads\/2025\/08\/BLACK-WEEK-1-1-scaled.png 1772w, https:\/\/andreporporatti.com.br\/lp\/wp-content\/uploads\/2025\/08\/BLACK-WEEK-1-1-208x300.png 208w, https:\/\/andreporporatti.com.br\/lp\/wp-content\/uploads\/2025\/08\/BLACK-WEEK-1-1-709x1024.png 709w, https:\/\/andreporporatti.com.br\/lp\/wp-content\/uploads\/2025\/08\/BLACK-WEEK-1-1-768x1109.png 768w, https:\/\/andreporporatti.com.br\/lp\/wp-content\/uploads\/2025\/08\/BLACK-WEEK-1-1-1063x1536.png 1063w, https:\/\/andreporporatti.com.br\/lp\/wp-content\/uploads\/2025\/08\/BLACK-WEEK-1-1-1418x2048.png 1418w\" sizes=\"(max-width: 1772px) 100vw, 1772px\" \/>\t\t\t\t\t\t\t\t<\/a>\n\t\t\t\t\t\t\t\t\t\t\t\t\t\t\t<\/div>\n\t\t\t\t<\/div>\n\t\t\t\t<div class=\"elementor-element elementor-element-13bfebf elementor-widget elementor-widget-image\" data-id=\"13bfebf\" data-element_type=\"widget\" data-e-type=\"widget\" data-widget_type=\"image.default\">\n\t\t\t\t<div class=\"elementor-widget-container\">\n\t\t\t\t\t\t\t\t\t\t\t\t\t\t\t\t<a href=\"https:\/\/pay.hotmart.com\/U100002647V?checkoutMode=10&#038;bid=1754846008671\" target=\"_blank\">\n\t\t\t\t\t\t\t<img loading=\"lazy\" decoding=\"async\" width=\"1772\" height=\"2560\" src=\"https:\/\/andreporporatti.com.br\/lp\/wp-content\/uploads\/2025\/08\/BLACK-WEEK-2-1-scaled.png\" class=\"attachment-full size-full wp-image-11717\" alt=\"\" srcset=\"https:\/\/andreporporatti.com.br\/lp\/wp-content\/uploads\/2025\/08\/BLACK-WEEK-2-1-scaled.png 1772w, https:\/\/andreporporatti.com.br\/lp\/wp-content\/uploads\/2025\/08\/BLACK-WEEK-2-1-208x300.png 208w, https:\/\/andreporporatti.com.br\/lp\/wp-content\/uploads\/2025\/08\/BLACK-WEEK-2-1-709x1024.png 709w, https:\/\/andreporporatti.com.br\/lp\/wp-content\/uploads\/2025\/08\/BLACK-WEEK-2-1-768x1109.png 768w, https:\/\/andreporporatti.com.br\/lp\/wp-content\/uploads\/2025\/08\/BLACK-WEEK-2-1-1063x1536.png 1063w\" sizes=\"(max-width: 1772px) 100vw, 1772px\" \/>\t\t\t\t\t\t\t\t<\/a>\n\t\t\t\t\t\t\t\t\t\t\t\t\t\t\t<\/div>\n\t\t\t\t<\/div>\n\t\t\t\t<\/div>\n\t\t<div class=\"elementor-element elementor-element-19b10a8 e-grid e-con-full e-con e-child\" data-id=\"19b10a8\" data-element_type=\"container\" data-e-type=\"container\">\n\t\t\t\t<div class=\"elementor-element elementor-element-909e3e9 elementor-widget elementor-widget-image\" data-id=\"909e3e9\" data-element_type=\"widget\" data-e-type=\"widget\" data-widget_type=\"image.default\">\n\t\t\t\t<div class=\"elementor-widget-container\">\n\t\t\t\t\t\t\t\t\t\t\t\t\t\t\t\t<a href=\"https:\/\/whitelabeleditora.kpages.online\/pagina-de-vendas-a900549c-1cf7-4207-b45c-5fcb02a5d4f9\" target=\"_blank\">\n\t\t\t\t\t\t\t<img loading=\"lazy\" decoding=\"async\" width=\"1772\" height=\"2560\" src=\"https:\/\/andreporporatti.com.br\/lp\/wp-content\/uploads\/2025\/12\/BLACK-WEEK-scaled.png\" class=\"attachment-full size-full wp-image-15013\" alt=\"\" srcset=\"https:\/\/andreporporatti.com.br\/lp\/wp-content\/uploads\/2025\/12\/BLACK-WEEK-scaled.png 1772w, https:\/\/andreporporatti.com.br\/lp\/wp-content\/uploads\/2025\/12\/BLACK-WEEK-208x300.png 208w, https:\/\/andreporporatti.com.br\/lp\/wp-content\/uploads\/2025\/12\/BLACK-WEEK-709x1024.png 709w, https:\/\/andreporporatti.com.br\/lp\/wp-content\/uploads\/2025\/12\/BLACK-WEEK-768x1109.png 768w, https:\/\/andreporporatti.com.br\/lp\/wp-content\/uploads\/2025\/12\/BLACK-WEEK-1063x1536.png 1063w, https:\/\/andreporporatti.com.br\/lp\/wp-content\/uploads\/2025\/12\/BLACK-WEEK-1418x2048.png 1418w\" sizes=\"(max-width: 1772px) 100vw, 1772px\" \/>\t\t\t\t\t\t\t\t<\/a>\n\t\t\t\t\t\t\t\t\t\t\t\t\t\t\t<\/div>\n\t\t\t\t<\/div>\n\t\t\t\t<div class=\"elementor-element elementor-element-d422c8b elementor-widget elementor-widget-image\" data-id=\"d422c8b\" data-element_type=\"widget\" data-e-type=\"widget\" data-widget_type=\"image.default\">\n\t\t\t\t<div class=\"elementor-widget-container\">\n\t\t\t\t\t\t\t\t\t\t\t\t\t\t\t\t<a href=\"https:\/\/whitelabeleditora.kpages.online\/pagina-de-vendas-a900549c-1cf7-4207-b45c-5fcb02a5d4f9\" target=\"_blank\">\n\t\t\t\t\t\t\t<img loading=\"lazy\" decoding=\"async\" width=\"1772\" height=\"2560\" src=\"https:\/\/andreporporatti.com.br\/lp\/wp-content\/uploads\/2025\/12\/BLACK-WEEK-scaled.png\" class=\"attachment-full size-full wp-image-15013\" alt=\"\" srcset=\"https:\/\/andreporporatti.com.br\/lp\/wp-content\/uploads\/2025\/12\/BLACK-WEEK-scaled.png 1772w, https:\/\/andreporporatti.com.br\/lp\/wp-content\/uploads\/2025\/12\/BLACK-WEEK-208x300.png 208w, https:\/\/andreporporatti.com.br\/lp\/wp-content\/uploads\/2025\/12\/BLACK-WEEK-709x1024.png 709w, https:\/\/andreporporatti.com.br\/lp\/wp-content\/uploads\/2025\/12\/BLACK-WEEK-768x1109.png 768w, https:\/\/andreporporatti.com.br\/lp\/wp-content\/uploads\/2025\/12\/BLACK-WEEK-1063x1536.png 1063w, https:\/\/andreporporatti.com.br\/lp\/wp-content\/uploads\/2025\/12\/BLACK-WEEK-1418x2048.png 1418w\" sizes=\"(max-width: 1772px) 100vw, 1772px\" \/>\t\t\t\t\t\t\t\t<\/a>\n\t\t\t\t\t\t\t\t\t\t\t\t\t\t\t<\/div>\n\t\t\t\t<\/div>\n\t\t\t\t<div class=\"elementor-element elementor-element-53c9b22 elementor-widget elementor-widget-image\" data-id=\"53c9b22\" data-element_type=\"widget\" data-e-type=\"widget\" data-widget_type=\"image.default\">\n\t\t\t\t<div class=\"elementor-widget-container\">\n\t\t\t\t\t\t\t\t\t\t\t\t\t\t\t\t<a href=\"https:\/\/whitelabeleditora.kpages.online\/pagina-de-vendas-a900549c-1cf7-4207-b45c-5fcb02a5d4f9\" target=\"_blank\">\n\t\t\t\t\t\t\t<img loading=\"lazy\" decoding=\"async\" width=\"1772\" height=\"2560\" src=\"https:\/\/andreporporatti.com.br\/lp\/wp-content\/uploads\/2025\/12\/BLACK-WEEK-scaled.png\" class=\"attachment-full size-full wp-image-15013\" alt=\"\" srcset=\"https:\/\/andreporporatti.com.br\/lp\/wp-content\/uploads\/2025\/12\/BLACK-WEEK-scaled.png 1772w, https:\/\/andreporporatti.com.br\/lp\/wp-content\/uploads\/2025\/12\/BLACK-WEEK-208x300.png 208w, https:\/\/andreporporatti.com.br\/lp\/wp-content\/uploads\/2025\/12\/BLACK-WEEK-709x1024.png 709w, https:\/\/andreporporatti.com.br\/lp\/wp-content\/uploads\/2025\/12\/BLACK-WEEK-768x1109.png 768w, https:\/\/andreporporatti.com.br\/lp\/wp-content\/uploads\/2025\/12\/BLACK-WEEK-1063x1536.png 1063w, https:\/\/andreporporatti.com.br\/lp\/wp-content\/uploads\/2025\/12\/BLACK-WEEK-1418x2048.png 1418w\" sizes=\"(max-width: 1772px) 100vw, 1772px\" \/>\t\t\t\t\t\t\t\t<\/a>\n\t\t\t\t\t\t\t\t\t\t\t\t\t\t\t<\/div>\n\t\t\t\t<\/div>\n\t\t\t\t<\/div>\n\t\t<div class=\"elementor-element elementor-element-dcda07d e-con-full e-flex e-con e-child\" data-id=\"dcda07d\" data-element_type=\"container\" data-e-type=\"container\" data-settings=\"{&quot;background_background&quot;:&quot;classic&quot;}\">\n\t\t<div class=\"elementor-element elementor-element-aa9b7dc e-con-full e-flex e-con e-child\" data-id=\"aa9b7dc\" data-element_type=\"container\" data-e-type=\"container\">\n\t\t<div class=\"elementor-element elementor-element-8518dfe e-con-full e-flex e-con e-child\" data-id=\"8518dfe\" data-element_type=\"container\" data-e-type=\"container\">\n\t\t\t\t<div class=\"elementor-element elementor-element-e77521c elementor-align-center elementor-widget elementor-widget-button\" data-id=\"e77521c\" data-element_type=\"widget\" data-e-type=\"widget\" data-settings=\"{&quot;_animation_mobile&quot;:&quot;zoomIn&quot;}\" data-widget_type=\"button.default\">\n\t\t\t\t<div class=\"elementor-widget-container\">\n\t\t\t\t\t\t\t\t\t<div class=\"elementor-button-wrapper\">\n\t\t\t\t\t<a class=\"elementor-button elementor-button-link elementor-size-sm elementor-animation-pulse\" href=\"https:\/\/wa.me\/5548991591353\" target=\"_blank\">\n\t\t\t\t\t\t<span class=\"elementor-button-content-wrapper\">\n\t\t\t\t\t\t\t\t\t<span class=\"elementor-button-text\">FALE COM A EQUIPE DE SUPORTE<\/span>\n\t\t\t\t\t<\/span>\n\t\t\t\t\t<\/a>\n\t\t\t\t<\/div>\n\t\t\t\t\t\t\t\t<\/div>\n\t\t\t\t<\/div>\n\t\t\t\t<\/div>\n\t\t\t\t<\/div>\n\t\t\t\t<\/div>\n\t\t\t\t\t<\/div>\n\t\t\t\t<\/div>\n\t\t\t\t<\/div>\n\t\t","protected":false},"excerpt":{"rendered":"<p>Trate com Seguran\u00e7a, Evid\u00eancia e Empatia BRUXISMO DTM DOR Andr\u00e9 Porporatti +4.000 alunos em 24 pa\u00edses FALE COM A EQUIPE DE SUPORTE<\/p>\n","protected":false},"author":1,"featured_media":0,"parent":0,"menu_order":0,"comment_status":"closed","ping_status":"closed","template":"","meta":{"footnotes":""},"folder":[54],"class_list":["post-11623","page","type-page","status-publish","hentry"],"_links":{"self":[{"href":"https:\/\/andreporporatti.com.br\/lp\/wp-json\/wp\/v2\/pages\/11623","targetHints":{"allow":["GET"]}}],"collection":[{"href":"https:\/\/andreporporatti.com.br\/lp\/wp-json\/wp\/v2\/pages"}],"about":[{"href":"https:\/\/andreporporatti.com.br\/lp\/wp-json\/wp\/v2\/types\/page"}],"author":[{"embeddable":true,"href":"https:\/\/andreporporatti.com.br\/lp\/wp-json\/wp\/v2\/users\/1"}],"replies":[{"embeddable":true,"href":"https:\/\/andreporporatti.com.br\/lp\/wp-json\/wp\/v2\/comments?post=11623"}],"version-history":[{"count":0,"href":"https:\/\/andreporporatti.com.br\/lp\/wp-json\/wp\/v2\/pages\/11623\/revisions"}],"wp:attachment":[{"href":"https:\/\/andreporporatti.com.br\/lp\/wp-json\/wp\/v2\/media?parent=11623"}],"wp:term":[{"taxonomy":"folder","embeddable":true,"href":"https:\/\/andreporporatti.com.br\/lp\/wp-json\/wp\/v2\/folder?post=11623"}],"curies":[{"name":"wp","href":"https:\/\/api.w.org\/{rel}","templated":true}]}}